{"id":3600,"date":"2024-04-15T16:25:28","date_gmt":"2024-04-15T16:25:28","guid":{"rendered":"https:\/\/foryoubaby.ma\/?post_type=product&#038;p=3600"},"modified":"2025-07-30T16:15:47","modified_gmt":"2025-07-30T16:15:47","slug":"chaise-haute","status":"publish","type":"product","link":"https:\/\/foryoubaby.ma\/ar\/product\/chaise-haute\/","title":{"rendered":"MS &#8211; chaise haute"},"content":{"rendered":"<p>La chaise haute \u00e9volutive Full plus pliante est une chaise haute polyvalente et ergonomique, id\u00e9ale pour accompagner la croissance de votre enfant de 6 mois \u00e0 10 ans. Elle est ergonomique, le dossier est galb\u00e9 et le repose-pieds est ajustable en hauteur pour s&rsquo;adapter \u00e0 votre b\u00e9b\u00e9. Elle offre \u00e9galement une large gamme d&rsquo;ajustement en hauteur du si\u00e8ge, garantissant le confort \u00e0 chaque \u00e9tape.<\/p>\n<p>Elle peut \u00eatre utilis\u00e9e comme une chaise de bureau, s&rsquo;adaptant \u00e0 diff\u00e9rents types de tables. De plus, elle se plie de mani\u00e8re compacte pour \u00eatre facilement rang\u00e9e dans n&rsquo;importe quel endroit de la maison.<\/p>\n<p>La chaise haute \u00e9volutive Full plus est \u00e9quip\u00e9e de ceintures \u00e0 3 points (amovibles) et int\u00e8gre une barri\u00e8re de s\u00e9curit\u00e9 sur la chaise pour les enfants plus \u00e2g\u00e9s. Le coussin, en polyester et ouate, est facile \u00e0 nettoyer.<\/p>\n<p>Elle est livr\u00e9e avec un coussin r\u00e9ducteur et un plateau amovible, facilitant le nettoyage et l&rsquo;installation de votre enfant dans la chaise. Elle dispose \u00e9galement d&rsquo;une barri\u00e8re suppl\u00e9mentaire qui est utilis\u00e9e \u00e0 la place du plateau.<\/p>\n<p>Sa structure est en bois massif et contreplaqu\u00e9 durable, offrant r\u00e9sistance et s\u00e9curit\u00e9 avec un poids maximum de 15 kg pour la chaise haute b\u00e9b\u00e9 et 35 kg pour la chaise pour enfants plus \u00e2g\u00e9s.<\/p>\n<p>Poids de la chaise haute : 7 kg<\/p>\n<p>La chaise haute \u00e9volutive Full plus allie fonctionnalit\u00e9, confort et durabilit\u00e9 pour l&rsquo;alimentation de votre enfant.\u00a0\u00bb<\/p>","protected":false},"excerpt":{"rendered":"<p>La chaise haute \u00e9volutive Full plus pliante est une chaise haute polyvalente et ergonomique, id\u00e9ale pour accompagner la croissance de votre enfant de 6 mois \u00e0 10 ans. Elle est ergonomique, le dossier est galb\u00e9 et le repose-pieds est ajustable en hauteur pour s&rsquo;adapter \u00e0 votre b\u00e9b\u00e9. Elle offre \u00e9galement une large gamme d&rsquo;ajustement en [&hellip;]<\/p>\n","protected":false},"featured_media":3533,"comment_status":"open","ping_status":"closed","template":"","meta":[],"product_brand":[76],"product_cat":[67],"product_tag":[],"giftcard-category":[],"class_list":{"0":"post-3600","1":"product","2":"type-product","3":"status-publish","4":"has-post-thumbnail","6":"product_brand-ms","7":"product_cat-chaise-hot","9":"first","10":"outofstock","11":"taxable","12":"shipping-taxable","13":"purchasable","14":"product-type-simple"},"jetpack_sharing_enabled":true,"_links":{"self":[{"href":"https:\/\/foryoubaby.ma\/ar\/wp-json\/wp\/v2\/product\/3600","targetHints":{"allow":["GET"]}}],"collection":[{"href":"https:\/\/foryoubaby.ma\/ar\/wp-json\/wp\/v2\/product"}],"about":[{"href":"https:\/\/foryoubaby.ma\/ar\/wp-json\/wp\/v2\/types\/product"}],"replies":[{"embeddable":true,"href":"https:\/\/foryoubaby.ma\/ar\/wp-json\/wp\/v2\/comments?post=3600"}],"wp:featuredmedia":[{"embeddable":true,"href":"https:\/\/foryoubaby.ma\/ar\/wp-json\/wp\/v2\/media\/3533"}],"wp:attachment":[{"href":"https:\/\/foryoubaby.ma\/ar\/wp-json\/wp\/v2\/media?parent=3600"}],"wp:term":[{"taxonomy":"product_brand","embeddable":true,"href":"https:\/\/foryoubaby.ma\/ar\/wp-json\/wp\/v2\/product_brand?post=3600"},{"taxonomy":"product_cat","embeddable":true,"href":"https:\/\/foryoubaby.ma\/ar\/wp-json\/wp\/v2\/product_cat?post=3600"},{"taxonomy":"product_tag","embeddable":true,"href":"https:\/\/foryoubaby.ma\/ar\/wp-json\/wp\/v2\/product_tag?post=3600"},{"taxonomy":"giftcard-category","embeddable":true,"href":"https:\/\/foryoubaby.ma\/ar\/wp-json\/wp\/v2\/giftcard-category?post=3600"}],"curies":[{"name":"wp","href":"https:\/\/api.w.org\/{rel}","templated":true}]}}